{"id":42,"date":"2023-03-05T15:32:51","date_gmt":"2023-03-05T14:32:51","guid":{"rendered":"http:\/\/172.16.200.104\/?page_id=42"},"modified":"2023-03-05T15:32:51","modified_gmt":"2023-03-05T14:32:51","slug":"beitraege","status":"publish","type":"page","link":"https:\/\/tsc-bocholt-ev.de\/?page_id=42","title":{"rendered":"Beitr\u00e4ge"},"content":{"rendered":"\n<p>Die Aufnahmegeb\u00fcr betr\u00e4gt pro Aufnahmeantrag ( nicht pro Person ) \u20ac 40,-<\/p>\n\n\n\n<figure class=\"wp-block-table\"><table><tbody><tr><td>Beitragsklasse<\/td><td>Mitgliedsform<\/td><td>in %<\/td><td>Beitragsh\u00f6he j\u00e4hrlich in \u20ac<\/td><\/tr><tr><td><\/td><\/tr><tr><td>01<\/td><td>Erwachsener \u00fcber 18 Jahre<\/td><td>100<\/td><td>64,- plus 20,- Seepacht<\/td><\/tr><tr><td>02<\/td><td>Kinder\/Jugendliche bis 18 Jahre<\/td><td>50<\/td><td>32,-<\/td><\/tr><tr><td>03<\/td><td>Ehepaare u. gleichgestellte Partnerschaften bei einem aktiven Partner<\/td><td>170<\/td><td>108,80 plus 40,- Seepacht<\/td><\/tr><tr><td>04<\/td><td>Familienbeitrag mit Kindern<\/td><td>170<\/td><td>108,80 plus 40,- Seepacht<\/td><\/tr><tr><td>&nbsp;<\/td><td>&nbsp;1.Kind +20% (12,80)<\/td><td>&nbsp;<\/td><td>121,60<\/td><\/tr><tr><td>&nbsp;<\/td><td>&nbsp;2.Kind +20% (12,80)<\/td><td>&nbsp;<\/td><td>134,40<\/td><\/tr><tr><td>&nbsp;<\/td><td>Jedes weitere Kind frei<\/td><td>&nbsp;<\/td><td>&nbsp;<\/td><\/tr><tr><td>05<\/td><td>Auszubildende, Wehrpflichtige, Ersatzdienstleistende, Studenten (18 bis 27 Jahre)<\/td><td>50<\/td><td>32,- plus 20,- Seepacht<\/td><\/tr><tr><td>06<\/td><td>Ehrenmitglieder<\/td><td>0<\/td><td>frei<\/td><\/tr><tr><td>&nbsp;<\/td><td>&nbsp;<\/td><td>&nbsp;<\/td><td>&nbsp;<\/td><\/tr><\/tbody><\/table><\/figure>\n\n\n\n<p><strong>2.<\/strong>&nbsp;Erm\u00e4\u00dfigte Beitragsformen der Beitragsklasse 05-06 m\u00fcssen beantragt, die Begr\u00fcndung mit entsprechenden Unterlagen nachgewiesen werden. Der Vorstand entscheidet \u00fcber die Einstufung im Rahmen der von der Mitgliederversammlung vorgegebenen Betr\u00e4ge.<\/p>\n\n\n\n<p><strong>3.<\/strong>&nbsp;\u00c4nderungen der pers\u00f6nlichen Angaben sind schnellstm\u00f6glich mitzuteilen, insbesondere bei Inanspruchnahme der Beitragsklassen 05 \u201306.<\/p>\n\n\n\n<p><strong>4.<\/strong>&nbsp;F\u00fcr Beitragsr\u00fcckst\u00e4nde minderj\u00e4hriger Mitglieder haften deren gesetzliche Vertreter.<\/p>\n\n\n\n<p><strong>5.<\/strong>&nbsp;Der Mitgliedsbeitrag enth\u00e4lt die Beitr\u00e4ge f\u00fcr die Mitgliedschaft&nbsp;im Stadt-Sport-Verband Bocholt e.V., Schwimmverband NRW, Kreissportbund Borken e.V., Sportversicherung des Landessportbundes NRW (Sporthilfe e.V.), die Verwaltungsberufsgenossenschaft und die GEMA in H\u00f6he der vom Landessportbundes NRW festgelegten S\u00e4tze, sowie die Betr\u00e4ge f\u00fcr die Nutzung des Schwimmbades der Bocholter B\u00e4dergesellschaft, an den zugeteilten Terminen f\u00fcr Vereins -Trainingsstunden.<\/p>\n\n\n\n<p><strong>6.<\/strong>&nbsp;Die Mitgliedsbeitr\u00e4ge und etwaige Umlagen werden im Sepa-Lastschriftverfahren eingezogen. Die Mitglieder sind verpflichtet, dem Vorstand bei Aufnahme in den Verein eine Einzugserm\u00e4chtigung zu erteilen.&nbsp; Die Mitgliedsbeitr\u00e4ge werden zum 15.02. eines jeden Jahres eingezogen.<\/p>\n\n\n\n<p><strong>7.<\/strong>&nbsp;Bei R\u00fcckbuchungen oder Mahnungen werden Geb\u00fchren von \u20ac10,- pro Einzelfall erhoben.<\/p>\n\n\n\n<p><strong>8.<\/strong>&nbsp;Erfolgt der Vereinsbeitritt nach dem 30.01., wird der Beitrag f\u00fcr die restlichen Monate des laufenden Jahres, am 1. des auf den Eintritt folgenden Monats f\u00e4llig. Die Berechnung erfolgt wie nachstehend aufgef\u00fchrt.<\/p>\n\n\n\n<p>&nbsp;&nbsp;&nbsp;&nbsp;&nbsp;&nbsp;&nbsp; Jahresbeitrag : 12 x Anzahl verbleibender Monate<\/p>\n\n\n\n<p>Die Mitgliedschaft kann durch schriftliche Austrittserkl\u00e4rung des Mitglieds ,jeweils unter Einhaltung einer Frist von 3 Monaten, zum Ende eines Gesch\u00e4ftsjahres gek\u00fcndigt werden. Die K\u00fcndigung ist an den Vorstand zu richten.<\/p>\n","protected":false},"excerpt":{"rendered":"<p>Die Aufnahmegeb\u00fcr betr\u00e4gt pro Aufnahmeantrag ( nicht pro Person ) \u20ac 40,- Beitragsklasse Mitgliedsform in % Beitragsh\u00f6he j\u00e4hrlich in \u20ac 01 Erwachsener \u00fcber 18 Jahre 100 64,- plus 20,- Seepacht 02 Kinder\/Jugendliche bis 18 Jahre 50 32,- 03 Ehepaare u. gleichgestellte Partnerschaften bei einem aktiven Partner 170 108,80 plus 40,- [&hellip;]<\/p>\n","protected":false},"author":2,"featured_media":0,"parent":0,"menu_order":0,"comment_status":"closed","ping_status":"closed","template":"","meta":[],"_links":{"self":[{"href":"https:\/\/tsc-bocholt-ev.de\/index.php?rest_route=\/wp\/v2\/pages\/42"}],"collection":[{"href":"https:\/\/tsc-bocholt-ev.de\/index.php?rest_route=\/wp\/v2\/pages"}],"about":[{"href":"https:\/\/tsc-bocholt-ev.de\/index.php?rest_route=\/wp\/v2\/types\/page"}],"author":[{"embeddable":true,"href":"https:\/\/tsc-bocholt-ev.de\/index.php?rest_route=\/wp\/v2\/users\/2"}],"replies":[{"embeddable":true,"href":"https:\/\/tsc-bocholt-ev.de\/index.php?rest_route=%2Fwp%2Fv2%2Fcomments&post=42"}],"version-history":[{"count":0,"href":"https:\/\/tsc-bocholt-ev.de\/index.php?rest_route=\/wp\/v2\/pages\/42\/revisions"}],"wp:attachment":[{"href":"https:\/\/tsc-bocholt-ev.de\/index.php?rest_route=%2Fwp%2Fv2%2Fmedia&parent=42"}],"curies":[{"name":"wp","href":"https:\/\/api.w.org\/{rel}","templated":true}]}}